{"id":271,"date":"2016-05-09T09:00:00","date_gmt":"2016-05-09T07:00:00","guid":{"rendered":"http:\/\/hala.type.pl\/?page_id=271"},"modified":"2023-09-19T09:58:17","modified_gmt":"2023-09-19T07:58:17","slug":"sala-juniorsenior","status":"publish","type":"page","link":"https:\/\/phsradomsko.pl\/?page_id=271","title":{"rendered":"Sala Fitness"},"content":{"rendered":"<p>Sala sportowa o powierzchni 65 m2 nadaj\u0105ca si\u0119 idealnie do przeprowadzania zaj\u0119\u0107 typu joga, aerobik, taneczne, gimnastyczne itp. Klimatyzowana sala z lustrami na ca\u0142ej d\u0142ugo\u015bci wyposa\u017cona w profesjonalny sprz\u0119t nag\u0142o\u015bnieniowy oraz magazynek na sprz\u0119t sportowy.<\/p>\n","protected":false},"excerpt":{"rendered":"<p>Sala sportowa o powierzchni 65 m2 nadaj\u0105ca si\u0119 idealnie do przeprowadzania zaj\u0119\u0107 typu joga, aerobik, taneczne, gimnastyczne itp. Klimatyzowana sala z lustrami na ca\u0142ej d\u0142ugo\u015bci wyposa\u017cona w profesjonalny sprz\u0119t nag\u0142o\u015bnieniowy oraz magazynek na sprz\u0119t sportowy.<\/p>\n","protected":false},"author":2710,"featured_media":0,"parent":76,"menu_order":0,"comment_status":"closed","ping_status":"closed","template":"","meta":{"_et_pb_use_builder":"","_et_pb_old_content":"","_et_gb_content_width":"","footnotes":""},"class_list":["post-271","page","type-page","status-publish","hentry"],"_links":{"self":[{"href":"https:\/\/phsradomsko.pl\/index.php?rest_route=\/wp\/v2\/pages\/271","targetHints":{"allow":["GET"]}}],"collection":[{"href":"https:\/\/phsradomsko.pl\/index.php?rest_route=\/wp\/v2\/pages"}],"about":[{"href":"https:\/\/phsradomsko.pl\/index.php?rest_route=\/wp\/v2\/types\/page"}],"author":[{"embeddable":true,"href":"https:\/\/phsradomsko.pl\/index.php?rest_route=\/wp\/v2\/users\/2710"}],"replies":[{"embeddable":true,"href":"https:\/\/phsradomsko.pl\/index.php?rest_route=%2Fwp%2Fv2%2Fcomments&post=271"}],"version-history":[{"count":5,"href":"https:\/\/phsradomsko.pl\/index.php?rest_route=\/wp\/v2\/pages\/271\/revisions"}],"predecessor-version":[{"id":2976,"href":"https:\/\/phsradomsko.pl\/index.php?rest_route=\/wp\/v2\/pages\/271\/revisions\/2976"}],"up":[{"embeddable":true,"href":"https:\/\/phsradomsko.pl\/index.php?rest_route=\/wp\/v2\/pages\/76"}],"wp:attachment":[{"href":"https:\/\/phsradomsko.pl\/index.php?rest_route=%2Fwp%2Fv2%2Fmedia&parent=271"}],"curies":[{"name":"wp","href":"https:\/\/api.w.org\/{rel}","templated":true}]}}