{"id":3354,"date":"2024-08-13T09:26:20","date_gmt":"2024-08-13T07:26:20","guid":{"rendered":"http:\/\/phsradomsko.pl\/?page_id=3354"},"modified":"2024-08-13T10:13:54","modified_gmt":"2024-08-13T08:13:54","slug":"ochrona-maloletnich","status":"publish","type":"page","link":"https:\/\/phsradomsko.pl\/?page_id=3354","title":{"rendered":"Ochrona ma\u0142oletnich"},"content":{"rendered":"<p>[et_pb_section fb_built=&#8221;1&#8243; _builder_version=&#8221;4.27.0&#8243; _module_preset=&#8221;default&#8221; global_colors_info=&#8221;{}&#8221;][et_pb_row _builder_version=&#8221;4.27.0&#8243; _module_preset=&#8221;default&#8221; global_colors_info=&#8221;{}&#8221;][et_pb_column type=&#8221;4_4&#8243; _builder_version=&#8221;4.27.0&#8243; _module_preset=&#8221;default&#8221; global_colors_info=&#8221;{}&#8221;][et_pb_text _builder_version=&#8221;4.27.0&#8243; _module_preset=&#8221;default&#8221; global_colors_info=&#8221;{}&#8221;]<\/p>\n<p><a href=\"http:\/\/phsradomsko.pl\/wp-content\/uploads\/2024\/08\/Standardy-Ochrony-Maloletnich-w-Powiatowej-Hali-Sportowej-w-Radomsku.pdf\" rel=\"attachment wp-att-3366\">Standardy Ochrony Ma\u0142oletnich w Powiatowej Hali Sportowej w Radomsku<\/a><\/p>\n<p><a href=\"http:\/\/phsradomsko.pl\/wp-content\/uploads\/2024\/08\/Standardy-Ochrony-Maloletnich-wersja-skrocona-dla-dzieci.pdf\" rel=\"attachment wp-att-3367\">Standardy Ochrony Ma\u0142oletnich wersja skr\u00f3cona dla dzieci<\/a><\/p>\n<p>[\/et_pb_text][\/et_pb_column][\/et_pb_row][\/et_pb_section]<\/p>\n","protected":false},"excerpt":{"rendered":"<p>Standardy Ochrony Ma\u0142oletnich w Powiatowej Hali Sportowej w Radomsku Standardy Ochrony Ma\u0142oletnich wersja skr\u00f3cona dla dzieci<\/p>\n","protected":false},"author":2,"featured_media":0,"parent":0,"menu_order":0,"comment_status":"closed","ping_status":"closed","template":"","meta":{"_et_pb_use_builder":"on","_et_pb_old_content":"","_et_gb_content_width":"","footnotes":""},"class_list":["post-3354","page","type-page","status-publish","hentry"],"_links":{"self":[{"href":"https:\/\/phsradomsko.pl\/index.php?rest_route=\/wp\/v2\/pages\/3354","targetHints":{"allow":["GET"]}}],"collection":[{"href":"https:\/\/phsradomsko.pl\/index.php?rest_route=\/wp\/v2\/pages"}],"about":[{"href":"https:\/\/phsradomsko.pl\/index.php?rest_route=\/wp\/v2\/types\/page"}],"author":[{"embeddable":true,"href":"https:\/\/phsradomsko.pl\/index.php?rest_route=\/wp\/v2\/users\/2"}],"replies":[{"embeddable":true,"href":"https:\/\/phsradomsko.pl\/index.php?rest_route=%2Fwp%2Fv2%2Fcomments&post=3354"}],"version-history":[{"count":5,"href":"https:\/\/phsradomsko.pl\/index.php?rest_route=\/wp\/v2\/pages\/3354\/revisions"}],"predecessor-version":[{"id":3370,"href":"https:\/\/phsradomsko.pl\/index.php?rest_route=\/wp\/v2\/pages\/3354\/revisions\/3370"}],"wp:attachment":[{"href":"https:\/\/phsradomsko.pl\/index.php?rest_route=%2Fwp%2Fv2%2Fmedia&parent=3354"}],"curies":[{"name":"wp","href":"https:\/\/api.w.org\/{rel}","templated":true}]}}