{"id":76,"date":"2016-04-15T17:40:42","date_gmt":"2016-04-15T15:40:42","guid":{"rendered":"http:\/\/hala.type.pl\/?page_id=76"},"modified":"2023-09-19T09:48:16","modified_gmt":"2023-09-19T07:48:16","slug":"oferta","status":"publish","type":"page","link":"https:\/\/phsradomsko.pl\/?page_id=76","title":{"rendered":"Oferta"},"content":{"rendered":"\n[et_pb_section fb_built=&#8221;1&#8243; _builder_version=&#8221;4.16&#8243; _module_preset=&#8221;default&#8221; global_colors_info=&#8221;{}&#8221;][et_pb_row column_structure=&#8221;1_2,1_2&#8243; _builder_version=&#8221;4.16&#8243; _module_preset=&#8221;default&#8221; global_colors_info=&#8221;{}&#8221;][et_pb_column type=&#8221;1_2&#8243; _builder_version=&#8221;4.16&#8243; _module_preset=&#8221;default&#8221; global_colors_info=&#8221;{}&#8221;][et_pb_gallery gallery_ids=&#8221;258&#8243; _builder_version=&#8221;4.16&#8243; _module_preset=&#8221;default&#8221; animation_style=&#8221;fade&#8221; border_radii_image=&#8221;on|1px|1px|1px|1px&#8221; border_width_all_image=&#8221;2px&#8221; box_shadow_style_image=&#8221;preset1&#8243; global_colors_info=&#8221;{}&#8221;][\/et_pb_gallery][\/et_pb_column][et_pb_column type=&#8221;1_2&#8243; _builder_version=&#8221;4.16&#8243; _module_preset=&#8221;default&#8221; global_colors_info=&#8221;{}&#8221;][et_pb_accordion _builder_version=&#8221;4.16&#8243; _module_preset=&#8221;default&#8221; animation_style=&#8221;fade&#8221; global_colors_info=&#8221;{}&#8221;][et_pb_accordion_item title=&#8221;Arena G\u0142\u00f3wna&#8221; _builder_version=&#8221;4.16&#8243; _module_preset=&#8221;default&#8221; global_colors_info=&#8221;{}&#8221; open=&#8221;off&#8221;]<p>Arena sportowa przewidziana g\u0142\u00f3wnie na potrzeby realizacji zaj\u0119\u0107 dydaktyczne z wychowania fizycznego przez szko\u0142y ponadgimnazjalne z terenu Powiatu Radomszcza\u0144skiego. W pozosta\u0142ym zakresie udost\u0119pniana jest odp\u0142atnie zainteresowanym podmiotom.<\/p>[\/et_pb_accordion_item][et_pb_accordion_item title=&#8221;Opis&#8221; _builder_version=&#8221;4.16&#8243; _module_preset=&#8221;default&#8221; global_colors_info=&#8221;{}&#8221; open=&#8221;on&#8221;]<p>Na g\u0142\u00f3wnej p\u0142ycie areny sportowej znajduj\u0105 si\u0119 pe\u0142nowymiarowe boiska do pi\u0142ki r\u0119cznej, futsalu, koszyk\u00f3wki oraz siatk\u00f3wki. Winylowa nawierzchnia sportowa Tarkett omnisports oraz zastosowane o\u015bwietlenie pozwala na prowadzenie tutaj rozgrywek sportowych na najwy\u017cszym poziomie rozgrywkowym. Arena wyposa\u017cona jest w opuszczane kosze do pi\u0142ki koszykowej, trzy komplety profesjonalnych zestaw\u00f3w do pi\u0142ki siatkowej, dwie pe\u0142nowymiarowe bramki do futsalu oraz dwa boiska treningowe do koszyk\u00f3wki.\u00a0 Dzi\u0119ki zastosowaniu kotar grodz\u0105cych istnieje mo\u017cliwo\u015b\u0107 podzia\u0142u g\u0142\u00f3wnego boiska na trzy mniejsze sektory. Na potrzeby zawodnik\u00f3w przewidziano trybuny sta\u0142e mieszcz\u0105ce 98 miejsc siedz\u0105cych oraz szatnie mog\u0105ce pomie\u015bci\u0107 sze\u015b\u0107 zespo\u0142\u00f3w rozgrywkowych. Widownia na trybunie jest wstanie pomie\u015bci\u0107 216 os\u00f3b z czego 144 to miejsca siedz\u0105ce.<\/p>[\/et_pb_accordion_item][et_pb_accordion_item open=&#8221;off&#8221; _builder_version=&#8221;4.16&#8243; _module_preset=&#8221;default&#8221; global_colors_info=&#8221;{}&#8221;][\/et_pb_accordion_item][\/et_pb_accordion][\/et_pb_column][\/et_pb_row][\/et_pb_section]\n","protected":false},"excerpt":{"rendered":"<p>Arena sportowa przewidziana g\u0142\u00f3wnie na potrzeby realizacji zaj\u0119\u0107 dydaktyczne z wychowania fizycznego przez szko\u0142y ponadgimnazjalne z terenu Powiatu Radomszcza\u0144skiego. W pozosta\u0142ym zakresie udost\u0119pniana jest odp\u0142atnie zainteresowanym podmiotom.Na g\u0142\u00f3wnej p\u0142ycie areny sportowej znajduj\u0105 si\u0119 pe\u0142nowymiarowe boiska do pi\u0142ki r\u0119cznej, futsalu, koszyk\u00f3wki oraz siatk\u00f3wki. Winylowa nawierzchnia sportowa Tarkett omnisports oraz zastosowane o\u015bwietlenie pozwala na prowadzenie tutaj rozgrywek [&hellip;]<\/p>\n","protected":false},"author":2710,"featured_media":0,"parent":0,"menu_order":0,"comment_status":"closed","ping_status":"closed","template":"","meta":{"_et_pb_use_builder":"on","_et_pb_old_content":"<h2 style=\"text-align: center;\">OFERTA HALI SPORTOWEJ<\/h2>\n<h2 style=\"text-align: center;\"><\/h2>\n<p style=\"text-align: center;\">&nbsp;<a href=\"http:\/\/phsradomsko.pl\/oferta\/arena-glowna\/\"><img class=\"alignnone wp-image-258\" src=\"http:\/\/phsradomsko.pl\/wp-content\/uploads\/2016\/04\/b-1-300x200.jpg\" alt=\"b (1)\" width=\"251\" height=\"167\"><\/a> <a href=\"http:\/\/phsradomsko.pl\/oferta\/sala-sporty-walki\/\"><img class=\"alignnone wp-image-260\" src=\"http:\/\/phsradomsko.pl\/wp-content\/uploads\/2016\/04\/sw001-300x200.jpg\" alt=\"sw001\" width=\"251\" height=\"167\"><\/a> <a href=\"http:\/\/phsradomsko.pl\/oferta\/squash\/\"><img class=\"alignnone wp-image-261\" src=\"http:\/\/phsradomsko.pl\/wp-content\/uploads\/2016\/04\/DSC01275-300x200.jpg\" alt=\"DSC01275\" width=\"251\" height=\"167\"><\/a> <img class=\"wp-image-519 alignnone\" src=\"http:\/\/phsradomsko.pl\/wp-content\/uploads\/2016\/05\/DSC03227.jpg\" alt=\"\" width=\"251\" height=\"167\"><a href=\"http:\/\/phsradomsko.pl\/oferta\/sciana-wspinaczkowa\/\"><img class=\"alignnone wp-image-259\" src=\"http:\/\/phsradomsko.pl\/wp-content\/uploads\/2016\/04\/DSC01320-300x200.jpg\" alt=\"DSC01320\" width=\"251\" height=\"167\"><\/a><\/p>\n\n<h2 style=\"text-align: center;\">OFERTA KLUB\u00d3W<\/h2>","_et_gb_content_width":"","footnotes":""},"class_list":["post-76","page","type-page","status-publish","hentry"],"_links":{"self":[{"href":"https:\/\/phsradomsko.pl\/index.php?rest_route=\/wp\/v2\/pages\/76","targetHints":{"allow":["GET"]}}],"collection":[{"href":"https:\/\/phsradomsko.pl\/index.php?rest_route=\/wp\/v2\/pages"}],"about":[{"href":"https:\/\/phsradomsko.pl\/index.php?rest_route=\/wp\/v2\/types\/page"}],"author":[{"embeddable":true,"href":"https:\/\/phsradomsko.pl\/index.php?rest_route=\/wp\/v2\/users\/2710"}],"replies":[{"embeddable":true,"href":"https:\/\/phsradomsko.pl\/index.php?rest_route=%2Fwp%2Fv2%2Fcomments&post=76"}],"version-history":[{"count":7,"href":"https:\/\/phsradomsko.pl\/index.php?rest_route=\/wp\/v2\/pages\/76\/revisions"}],"predecessor-version":[{"id":3079,"href":"https:\/\/phsradomsko.pl\/index.php?rest_route=\/wp\/v2\/pages\/76\/revisions\/3079"}],"wp:attachment":[{"href":"https:\/\/phsradomsko.pl\/index.php?rest_route=%2Fwp%2Fv2%2Fmedia&parent=76"}],"curies":[{"name":"wp","href":"https:\/\/api.w.org\/{rel}","templated":true}]}}